{"id":1172,"date":"2020-05-12T08:32:30","date_gmt":"2020-05-12T08:32:30","guid":{"rendered":"https:\/\/hendon.qodeinteractive.com\/?page_id=1172"},"modified":"2024-01-02T01:50:50","modified_gmt":"2024-01-02T00:50:50","slug":"presentation","status":"publish","type":"page","link":"https:\/\/www.montbourjoie.com\/index.php\/presentation\/","title":{"rendered":"MONTBOURJOIE"},"content":{"rendered":"\t\t<div data-elementor-type=\"wp-page\" data-elementor-id=\"1172\" class=\"elementor elementor-1172\">\n\t\t\t\t\t\t\t\t\t<section class=\"elementor-section elementor-top-section elementor-element elementor-element-3b50881 elementor-section-full_width qodef-elementor-content-grid elementor-section-height-default elementor-section-height-default\" data-id=\"3b50881\" data-element_type=\"section\">\n\t\t\t\t\t\t<div class=\"elementor-container elementor-column-gap-no\">\n\t\t\t\t\t<div class=\"elementor-column elementor-col-50 elementor-top-column elementor-element elementor-element-434ed45\" data-id=\"434ed45\" data-element_type=\"column\">\n\t\t\t<div class=\"elementor-widget-wrap elementor-element-populated\">\n\t\t\t\t\t\t\t\t<div class=\"elementor-element elementor-element-69ff6e2 elementor-widget elementor-widget-hendon_core_section_title\" data-id=\"69ff6e2\" data-element_type=\"widget\" data-widget_type=\"hendon_core_section_title.default\">\n\t\t\t\t<div class=\"elementor-widget-container\">\n\t\t\t<div class=\"qodef-shortcode qodef-m  qodef-section-title qodef-alignment--left qodef-title-break--disabled\">\n\t\t<h4 class=\"qodef-m-title\" >\n\t\t\t\t\t MONTBOURJOIE\t\t\t<\/h4>\n\t\t<p class=\"qodef-m-text\" style=\"margin-top: 28px\">MONTBOURJOIE OU L\u2019INNOVATION IMMOBILIERE<\/p>\n<\/div>\t\t<\/div>\n\t\t\t\t<\/div>\n\t\t\t\t<div class=\"elementor-element elementor-element-c76392b elementor-widget elementor-widget-text-editor\" data-id=\"c76392b\" data-element_type=\"widget\" data-widget_type=\"text-editor.default\">\n\t\t\t\t<div class=\"elementor-widget-container\">\n\t\t\t<style>\/*! elementor - v3.16.0 - 17-10-2023 *\/\n.elementor-widget-text-editor.elementor-drop-cap-view-stacked .elementor-drop-cap{background-color:#69727d;color:#fff}.elementor-widget-text-editor.elementor-drop-cap-view-framed .elementor-drop-cap{color:#69727d;border:3px solid;background-color:transparent}.elementor-widget-text-editor:not(.elementor-drop-cap-view-default) .elementor-drop-cap{margin-top:8px}.elementor-widget-text-editor:not(.elementor-drop-cap-view-default) .elementor-drop-cap-letter{width:1em;height:1em}.elementor-widget-text-editor .elementor-drop-cap{float:left;text-align:center;line-height:1;font-size:50px}.elementor-widget-text-editor .elementor-drop-cap-letter{display:inline-block}<\/style>\t\t\t\t<p>En guise d\u2019avant-propos, il est n\u00e9cessaire de faire le point sur la notion d\u2019immobilier. Le terme immobilier vient d\u2019un mot latin apparu en opposition au terme \u201cmobilier\u201d, au milieu du XVe si\u00e8cle, sous la forme \u201cimmobiliaire\u201d, faisant ainsi r\u00e9f\u00e9rence \u00e0 toute chose intimement li\u00e9e et fix\u00e9e \u00e0 la terre de mani\u00e8re indissociable, physiquement et juridiquement parlant. C\u2019est donc l\u2019un des secteurs \u00e9conomiques les plus anciens qui puissent exister sur terre. Ceci dit, la terre, qui est notre m\u00e8re \u00e0 nous tous, m\u00e9rite de meilleures op\u00e9rations immobili\u00e8res.<\/p>\t\t\t\t\t\t<\/div>\n\t\t\t\t<\/div>\n\t\t\t\t\t<\/div>\n\t\t<\/div>\n\t\t\t\t<div class=\"elementor-column elementor-col-50 elementor-top-column elementor-element elementor-element-a0028fa\" data-id=\"a0028fa\" data-element_type=\"column\">\n\t\t\t<div class=\"elementor-widget-wrap elementor-element-populated\">\n\t\t\t\t\t\t\t\t<div class=\"elementor-element elementor-element-8298527 elementor-widget elementor-widget-hendon_core_stacked_images\" data-id=\"8298527\" data-element_type=\"widget\" data-widget_type=\"hendon_core_stacked_images.default\">\n\t\t\t\t<div class=\"elementor-widget-container\">\n\t\t\t<div class=\"qodef-shortcode qodef-m  qodef-stacked-images qodef-layout--default qodef-image-outline qodef-image-outline-left   qodef-stacked-image-right\">\n\t<div class=\"qodef-m-images\" >\n\t\t\t\t\t<img loading=\"lazy\" decoding=\"async\" width=\"800\" height=\"530\" src=\"https:\/\/www.montbourjoie.com\/wp-content\/uploads\/2023\/11\/MONTBOURJOIE-GALERIE-RENDU-INTERIEUR-01.webp\" class=\"qodef-e-image qodef--main\" alt=\"\" srcset=\"https:\/\/www.montbourjoie.com\/wp-content\/uploads\/2023\/11\/MONTBOURJOIE-GALERIE-RENDU-INTERIEUR-01.webp 800w, https:\/\/www.montbourjoie.com\/wp-content\/uploads\/2023\/11\/MONTBOURJOIE-GALERIE-RENDU-INTERIEUR-01-300x199.webp 300w, https:\/\/www.montbourjoie.com\/wp-content\/uploads\/2023\/11\/MONTBOURJOIE-GALERIE-RENDU-INTERIEUR-01-768x509.webp 768w\" sizes=\"auto, (max-width: 800px) 100vw, 800px\" \/>\t\t\t\t\n\t\t\t\t\t<div class=\"qodef-stack-image-holder\" style=\"top: 20%;left: 40%\">\n\t\t\t\t<div class=\"qodef-stack-image-holder-inner\">\n\t\t\t\t\t<div class=\"qodef-stack-image-img-holder\">\n\t\t\t\t\t<img loading=\"lazy\" decoding=\"async\" width=\"640\" height=\"640\" src=\"https:\/\/www.montbourjoie.com\/wp-content\/uploads\/2023\/11\/Montbourjoie-Menu-Collage-013.webp\" class=\"qodef-e-image qodef--stack\" alt=\"\" srcset=\"https:\/\/www.montbourjoie.com\/wp-content\/uploads\/2023\/11\/Montbourjoie-Menu-Collage-013.webp 640w, https:\/\/www.montbourjoie.com\/wp-content\/uploads\/2023\/11\/Montbourjoie-Menu-Collage-013-300x300.webp 300w, https:\/\/www.montbourjoie.com\/wp-content\/uploads\/2023\/11\/Montbourjoie-Menu-Collage-013-150x150.webp 150w\" sizes=\"auto, (max-width: 640px) 100vw, 640px\" \/>\t\t\t\t\t<\/div>\n\t\t\t\t<\/div>\n\t\t\t<\/div>\n\t\t\n        \t<\/div>\n<\/div>\t\t<\/div>\n\t\t\t\t<\/div>\n\t\t\t\t\t<\/div>\n\t\t<\/div>\n\t\t\t\t\t\t\t<\/div>\n\t\t<\/section>\n\t\t\t\t<section class=\"elementor-section elementor-top-section elementor-element elementor-element-4bb038f elementor-section-full_width qodef-elementor-content-grid elementor-section-height-default elementor-section-height-default\" data-id=\"4bb038f\" data-element_type=\"section\" data-settings=\"{&quot;background_background&quot;:&quot;classic&quot;}\">\n\t\t\t\t\t\t<div class=\"elementor-container elementor-column-gap-no\">\n\t\t\t\t\t<div class=\"elementor-column elementor-col-100 elementor-top-column elementor-element elementor-element-3db6793\" data-id=\"3db6793\" data-element_type=\"column\">\n\t\t\t<div class=\"elementor-widget-wrap elementor-element-populated\">\n\t\t\t\t\t\t\t\t<div class=\"elementor-element elementor-element-f7ac38d elementor-widget elementor-widget-text-editor\" data-id=\"f7ac38d\" data-element_type=\"widget\" data-widget_type=\"text-editor.default\">\n\t\t\t\t<div class=\"elementor-widget-container\">\n\t\t\t\t\t\t\t<h4><strong>PR\u00c9SENTATION<\/strong><\/h4><p>Montbourjoie est une soci\u00e9t\u00e9 immobili\u00e8re ob\u00e9issant \u00e0 des normes internationales. Elle plonge ses racines dans le sol marocain, aux pieds du Haut-Atlas, dans la ville de Marrakech.<\/p><h4><strong>UN PEU D\u2019HISTOIRE<\/strong><\/h4><p>En effet, Montbourjoie n\u2019est pas n\u00e9e de la derni\u00e8re pluie, dans la mesure o\u00f9 elle r\u00e9sulte de la transmission d\u2019une exp\u00e9rience s\u2019\u00e9talant sur presque 70 ans. Montbourjoie a \u00e9t\u00e9 fond\u00e9e par un jeune m\u00e9decin et artiste marocain, issu d\u2019une famille avertie en mati\u00e8re d\u2019immobilier, elle-m\u00eame fond\u00e9e par un g\u00e9nie de l\u2019immobilier ayant su contr\u00f4ler le march\u00e9 pendant de longues ann\u00e9es et provoquer ainsi une r\u00e9volution dans le secteur du b\u00e2timent.<\/p><h4><strong>POURQUOI MONTBOURJOIE ?<\/strong><\/h4><p>Depuis la fin du XX e si\u00e8cle, le secteur de l\u2019immobilier ne cesse de cro\u00eetre d\u2019une fa\u00e7on consid\u00e9rable, engendrant une pullulation de faux promoteurs immobiliers conduisant le march\u00e9 \u00e0 l\u2019anarchie, d\u2019o\u00f9 la naissance de Montbourjoie, comme alternative originale, honn\u00eate, pr\u00f4nant luxe, s\u00fbret\u00e9 et fiabilit\u00e9.<\/p><h4><strong>CONCEPT ET VISION <\/strong><\/h4><p>En fait, le fondateur affirme que la mission d\u2019une soci\u00e9t\u00e9 immobili\u00e8re est plus grande que ce que l\u2019on pense. Une maison est ce qu\u2019il y a de plus pr\u00e9cieux que l\u2019on puisse avoir. C\u2019est le nid qui abrite l\u2019individu jusqu\u2019\u00e0 la fin de ses jours. Aussi devrait-elle \u00eatre normalement une source de bien-\u00eatre et de confort durables. Pour cela, il pense qu\u2019il faut absolument changer de vision \u00e0 l\u2019\u00e9gard d\u2019un chantier. Ce dernier devrait \u00eatre consid\u00e9r\u00e9 plut\u00f4t comme un plateau technique, technologique, artistique, spirituel et, enfin, philosophique. C\u2019est plus qu\u2019un tableau de peinture. Bref, un chantier devrait \u00eatre un vrai chef d\u2019\u0153uvre alliant le moderne au contemporain tout en int\u00e9grant de nouvelles technologies.<\/p><h4><strong>MISSION ET POSITIONNEMENT<\/strong><\/h4><p>Montbourjoie revendique pour mission la construction de Haut-standing (lots de terrains, villas, appartements, centres et locaux commerciaux, centres d\u2019affaires, plateaux-bureaux, etc.) mais d\u2019une fa\u00e7on originale. Montbourjoie n\u2019entend pas construire pour construire mais pour laisser une empreinte ind\u00e9l\u00e9bile, sur le sol et dans le temps.<\/p><h4><strong>CHALLENGE SOCIO-\u00c9CONOMIQUE. <\/strong><\/h4><p>Outre ses missions personnelles et professionnelles dans le domaine, Montbourjoie prend pour challenge la prise en consid\u00e9ration de l\u2019aspect socio-\u00e9conomique de la question immobili\u00e8re, veillant \u00e0 ce que le pays soit doublement b\u00e9n\u00e9ficiaire : en cr\u00e9ant de nouveaux emplois et en participant au d\u00e9veloppement \u00e9conomique et fiscal du pays.<\/p><h4><strong>CONCLUSION<\/strong><\/h4><p>L\u2019av\u00e8nement de Montbourjoie s\u2019av\u00e8re, donc, bel et bien in\u00e9vitable, son apport r\u00e9volutionnaire, s\u2019il en est, ayant pour but de recadrer le march\u00e9 immobilier et de l\u2019orienter vers une nouvelle piste plus florissante.<\/p>\t\t\t\t\t\t<\/div>\n\t\t\t\t<\/div>\n\t\t\t\t\t<\/div>\n\t\t<\/div>\n\t\t\t\t\t\t\t<\/div>\n\t\t<\/section>\n\t\t\t\t<section class=\"elementor-section elementor-top-section elementor-element elementor-element-e8cc071 elementor-section-full_width qodef-elementor-content-grid elementor-section-height-default elementor-section-height-default\" data-id=\"e8cc071\" data-element_type=\"section\" data-settings=\"{&quot;background_background&quot;:&quot;classic&quot;}\">\n\t\t\t\t\t\t<div class=\"elementor-container elementor-column-gap-no\">\n\t\t\t\t\t<div class=\"elementor-column elementor-col-100 elementor-top-column elementor-element elementor-element-2828b02\" data-id=\"2828b02\" data-element_type=\"column\">\n\t\t\t<div class=\"elementor-widget-wrap elementor-element-populated\">\n\t\t\t\t\t\t\t\t<div class=\"elementor-element elementor-element-dda9030 elementor-widget elementor-widget-hendon_core_section_title\" data-id=\"dda9030\" data-element_type=\"widget\" data-widget_type=\"hendon_core_section_title.default\">\n\t\t\t\t<div class=\"elementor-widget-container\">\n\t\t\t<div class=\"qodef-shortcode qodef-m  qodef-section-title qodef-alignment--center \">\n\t\t<h2 class=\"qodef-m-title\" style=\"color: #FFFFFF\">\n\t\t\t\t\tDemander une visite\t\t\t<\/h2>\n\t\t<p class=\"qodef-m-text\" style=\"color: #FFFFFF\">Le confort rencontre le style \u00e0 chaque coin de nos villas. Vivez une vie \u00e0 la fois luxueuse et confortable.<\/p>\n<\/div>\t\t<\/div>\n\t\t\t\t<\/div>\n\t\t\t\t\t<\/div>\n\t\t<\/div>\n\t\t\t\t\t\t\t<\/div>\n\t\t<\/section>\n\t\t\t\t\t\t\t<\/div>\n\t\t","protected":false},"excerpt":{"rendered":"<p>MONTBOURJOIE MONTBOURJOIE OU L\u2019INNOVATION IMMOBILIERE En guise d\u2019avant-propos, il est n\u00e9cessaire de faire le point sur la notion d\u2019immobilier. Le terme immobilier vient d\u2019un mot latin apparu en opposition au terme \u201cmobilier\u201d, au milieu du XVe si\u00e8cle, sous la forme \u201cimmobiliaire\u201d, faisant ainsi r\u00e9f\u00e9rence \u00e0 toute chose intimement li\u00e9e et fix\u00e9e \u00e0 la terre de [&hellip;]<\/p>\n","protected":false},"author":1,"featured_media":0,"parent":0,"menu_order":0,"comment_status":"closed","ping_status":"closed","template":"page-full-width.php","meta":{"footnotes":""},"class_list":["post-1172","page","type-page","status-publish","hentry"],"_links":{"self":[{"href":"https:\/\/www.montbourjoie.com\/index.php\/wp-json\/wp\/v2\/pages\/1172","targetHints":{"allow":["GET"]}}],"collection":[{"href":"https:\/\/www.montbourjoie.com\/index.php\/wp-json\/wp\/v2\/pages"}],"about":[{"href":"https:\/\/www.montbourjoie.com\/index.php\/wp-json\/wp\/v2\/types\/page"}],"author":[{"embeddable":true,"href":"https:\/\/www.montbourjoie.com\/index.php\/wp-json\/wp\/v2\/users\/1"}],"replies":[{"embeddable":true,"href":"https:\/\/www.montbourjoie.com\/index.php\/wp-json\/wp\/v2\/comments?post=1172"}],"version-history":[{"count":23,"href":"https:\/\/www.montbourjoie.com\/index.php\/wp-json\/wp\/v2\/pages\/1172\/revisions"}],"predecessor-version":[{"id":3743,"href":"https:\/\/www.montbourjoie.com\/index.php\/wp-json\/wp\/v2\/pages\/1172\/revisions\/3743"}],"wp:attachment":[{"href":"https:\/\/www.montbourjoie.com\/index.php\/wp-json\/wp\/v2\/media?parent=1172"}],"curies":[{"name":"wp","href":"https:\/\/api.w.org\/{rel}","templated":true}]}}