{"id":3111,"date":"2023-11-27T17:47:36","date_gmt":"2023-11-27T16:47:36","guid":{"rendered":"https:\/\/www.montbourjoie.com\/?page_id=3111"},"modified":"2023-12-21T10:38:35","modified_gmt":"2023-12-21T09:38:35","slug":"lots-de-terrain","status":"publish","type":"page","link":"https:\/\/www.montbourjoie.com\/index.php\/lots-de-terrain\/","title":{"rendered":"lots de terrain"},"content":{"rendered":"\t\t<div data-elementor-type=\"wp-page\" data-elementor-id=\"3111\" class=\"elementor elementor-3111\">\n\t\t\t\t\t\t\t<div class=\"elementor-element elementor-element-f5a0994 e-flex e-con-boxed e-con e-parent\" data-id=\"f5a0994\" data-element_type=\"container\" data-settings=\"{&quot;content_width&quot;:&quot;boxed&quot;}\" data-core-v316-plus=\"true\">\n\t\t\t\t\t<div class=\"e-con-inner\">\n\t\t\t\t<div class=\"elementor-element elementor-element-3974ca6 elementor-widget elementor-widget-heading\" data-id=\"3974ca6\" data-element_type=\"widget\" data-widget_type=\"heading.default\">\n\t\t\t\t<div class=\"elementor-widget-container\">\n\t\t\t<style>\/*! elementor - v3.16.0 - 17-10-2023 *\/\n.elementor-heading-title{padding:0;margin:0;line-height:1}.elementor-widget-heading .elementor-heading-title[class*=elementor-size-]>a{color:inherit;font-size:inherit;line-height:inherit}.elementor-widget-heading .elementor-heading-title.elementor-size-small{font-size:15px}.elementor-widget-heading .elementor-heading-title.elementor-size-medium{font-size:19px}.elementor-widget-heading .elementor-heading-title.elementor-size-large{font-size:29px}.elementor-widget-heading .elementor-heading-title.elementor-size-xl{font-size:39px}.elementor-widget-heading .elementor-heading-title.elementor-size-xxl{font-size:59px}<\/style><h2 class=\"elementor-heading-title elementor-size-default\">DES TERRAINS SPACIEUX<\/h2>\t\t<\/div>\n\t\t\t\t<\/div>\n\t\t\t\t\t<\/div>\n\t\t\t\t<\/div>\n\t\t<div class=\"elementor-element elementor-element-4145eae e-flex e-con-boxed e-con e-parent\" data-id=\"4145eae\" data-element_type=\"container\" data-settings=\"{&quot;content_width&quot;:&quot;boxed&quot;}\" data-core-v316-plus=\"true\">\n\t\t\t\t\t<div class=\"e-con-inner\">\n\t\t\t\t<div class=\"elementor-element elementor-element-bb3be26 elementor-widget elementor-widget-hendon_core_property_image_map_gallery\" data-id=\"bb3be26\" data-element_type=\"widget\" data-widget_type=\"hendon_core_property_image_map_gallery.default\">\n\t\t\t\t<div class=\"elementor-widget-container\">\n\t\t\t<div class=\"qodef-e qodef-image-map-gallery qodef-grid qodef-layout--template \" data-image-map-name=''>\n    <div class=\"qodef-grid-inner clear\">\n        <div class=\"qodef-grid-item qodef-img-holder qodef-col--6\">\n            <div class=\"qodef-img-section qodef-img-holder-inner active\">\n\n    <div class=\"qodef-img-slider\">\n    <div class=\"swiper-wrapper\">\n                    <div class=\"qodef-ig-image swiper-slide\" data-imp-shape=\"empty\">\n                <img loading=\"lazy\" decoding=\"async\" width=\"800\" height=\"530\" src=\"https:\/\/www.montbourjoie.com\/wp-content\/uploads\/2023\/11\/Montarista-Terrain-Nu-001.png\" class=\"attachment-full size-full\" alt=\"\" srcset=\"https:\/\/www.montbourjoie.com\/wp-content\/uploads\/2023\/11\/Montarista-Terrain-Nu-001.png 800w, https:\/\/www.montbourjoie.com\/wp-content\/uploads\/2023\/11\/Montarista-Terrain-Nu-001-300x199.png 300w, https:\/\/www.montbourjoie.com\/wp-content\/uploads\/2023\/11\/Montarista-Terrain-Nu-001-768x509.png 768w\" sizes=\"auto, (max-width: 800px) 100vw, 800px\" \/>            <\/div>\n                    <div class=\"qodef-ig-image swiper-slide\" data-imp-shape=\"empty\">\n                <img loading=\"lazy\" decoding=\"async\" width=\"800\" height=\"530\" src=\"https:\/\/www.montbourjoie.com\/wp-content\/uploads\/2023\/11\/Montarista-Terrain-Nu-002.png\" class=\"attachment-full size-full\" alt=\"\" srcset=\"https:\/\/www.montbourjoie.com\/wp-content\/uploads\/2023\/11\/Montarista-Terrain-Nu-002.png 800w, https:\/\/www.montbourjoie.com\/wp-content\/uploads\/2023\/11\/Montarista-Terrain-Nu-002-300x199.png 300w, https:\/\/www.montbourjoie.com\/wp-content\/uploads\/2023\/11\/Montarista-Terrain-Nu-002-768x509.png 768w\" sizes=\"auto, (max-width: 800px) 100vw, 800px\" \/>            <\/div>\n                    <div class=\"qodef-ig-image swiper-slide\" data-imp-shape=\"empty\">\n                <img loading=\"lazy\" decoding=\"async\" width=\"800\" height=\"530\" src=\"https:\/\/www.montbourjoie.com\/wp-content\/uploads\/2023\/11\/Montarista-Terrain-Nu-003.png\" class=\"attachment-full size-full\" alt=\"\" srcset=\"https:\/\/www.montbourjoie.com\/wp-content\/uploads\/2023\/11\/Montarista-Terrain-Nu-003.png 800w, https:\/\/www.montbourjoie.com\/wp-content\/uploads\/2023\/11\/Montarista-Terrain-Nu-003-300x199.png 300w, https:\/\/www.montbourjoie.com\/wp-content\/uploads\/2023\/11\/Montarista-Terrain-Nu-003-768x509.png 768w\" sizes=\"auto, (max-width: 800px) 100vw, 800px\" \/>            <\/div>\n                    <div class=\"qodef-ig-image swiper-slide\" data-imp-shape=\"empty\">\n                <img loading=\"lazy\" decoding=\"async\" width=\"800\" height=\"530\" src=\"https:\/\/www.montbourjoie.com\/wp-content\/uploads\/2023\/11\/Montarista-Terrain-Nu-004.png\" class=\"attachment-full size-full\" alt=\"\" srcset=\"https:\/\/www.montbourjoie.com\/wp-content\/uploads\/2023\/11\/Montarista-Terrain-Nu-004.png 800w, https:\/\/www.montbourjoie.com\/wp-content\/uploads\/2023\/11\/Montarista-Terrain-Nu-004-300x199.png 300w, https:\/\/www.montbourjoie.com\/wp-content\/uploads\/2023\/11\/Montarista-Terrain-Nu-004-768x509.png 768w\" sizes=\"auto, (max-width: 800px) 100vw, 800px\" \/>            <\/div>\n                    <div class=\"qodef-ig-image swiper-slide\" data-imp-shape=\"empty\">\n                <img loading=\"lazy\" decoding=\"async\" width=\"800\" height=\"530\" src=\"https:\/\/www.montbourjoie.com\/wp-content\/uploads\/2023\/11\/Montarista-Terrain-Nu-005.png\" class=\"attachment-full size-full\" alt=\"\" srcset=\"https:\/\/www.montbourjoie.com\/wp-content\/uploads\/2023\/11\/Montarista-Terrain-Nu-005.png 800w, https:\/\/www.montbourjoie.com\/wp-content\/uploads\/2023\/11\/Montarista-Terrain-Nu-005-300x199.png 300w, https:\/\/www.montbourjoie.com\/wp-content\/uploads\/2023\/11\/Montarista-Terrain-Nu-005-768x509.png 768w\" sizes=\"auto, (max-width: 800px) 100vw, 800px\" \/>            <\/div>\n            <\/div>\n<\/div>\n    <div id=\"qodef-imp-pagination\" class=\"qodef-pagination-slider clearfix\">\n    <div class=\"swiper-wrapper\">\n                    <div class=\"qodef-impp-item swiper-slide\"><img loading=\"lazy\" decoding=\"async\" width=\"800\" height=\"530\" src=\"https:\/\/www.montbourjoie.com\/wp-content\/uploads\/2023\/11\/Montarista-Terrain-Nu-001.png\" class=\"attachment-full size-full\" alt=\"\" srcset=\"https:\/\/www.montbourjoie.com\/wp-content\/uploads\/2023\/11\/Montarista-Terrain-Nu-001.png 800w, https:\/\/www.montbourjoie.com\/wp-content\/uploads\/2023\/11\/Montarista-Terrain-Nu-001-300x199.png 300w, https:\/\/www.montbourjoie.com\/wp-content\/uploads\/2023\/11\/Montarista-Terrain-Nu-001-768x509.png 768w\" sizes=\"auto, (max-width: 800px) 100vw, 800px\" \/><\/div>\n                    <div class=\"qodef-impp-item swiper-slide\"><img loading=\"lazy\" decoding=\"async\" width=\"800\" height=\"530\" src=\"https:\/\/www.montbourjoie.com\/wp-content\/uploads\/2023\/11\/Montarista-Terrain-Nu-002.png\" class=\"attachment-full size-full\" alt=\"\" srcset=\"https:\/\/www.montbourjoie.com\/wp-content\/uploads\/2023\/11\/Montarista-Terrain-Nu-002.png 800w, https:\/\/www.montbourjoie.com\/wp-content\/uploads\/2023\/11\/Montarista-Terrain-Nu-002-300x199.png 300w, https:\/\/www.montbourjoie.com\/wp-content\/uploads\/2023\/11\/Montarista-Terrain-Nu-002-768x509.png 768w\" sizes=\"auto, (max-width: 800px) 100vw, 800px\" \/><\/div>\n                    <div class=\"qodef-impp-item swiper-slide\"><img loading=\"lazy\" decoding=\"async\" width=\"800\" height=\"530\" src=\"https:\/\/www.montbourjoie.com\/wp-content\/uploads\/2023\/11\/Montarista-Terrain-Nu-003.png\" class=\"attachment-full size-full\" alt=\"\" srcset=\"https:\/\/www.montbourjoie.com\/wp-content\/uploads\/2023\/11\/Montarista-Terrain-Nu-003.png 800w, https:\/\/www.montbourjoie.com\/wp-content\/uploads\/2023\/11\/Montarista-Terrain-Nu-003-300x199.png 300w, https:\/\/www.montbourjoie.com\/wp-content\/uploads\/2023\/11\/Montarista-Terrain-Nu-003-768x509.png 768w\" sizes=\"auto, (max-width: 800px) 100vw, 800px\" \/><\/div>\n                    <div class=\"qodef-impp-item swiper-slide\"><img loading=\"lazy\" decoding=\"async\" width=\"800\" height=\"530\" src=\"https:\/\/www.montbourjoie.com\/wp-content\/uploads\/2023\/11\/Montarista-Terrain-Nu-004.png\" class=\"attachment-full size-full\" alt=\"\" srcset=\"https:\/\/www.montbourjoie.com\/wp-content\/uploads\/2023\/11\/Montarista-Terrain-Nu-004.png 800w, https:\/\/www.montbourjoie.com\/wp-content\/uploads\/2023\/11\/Montarista-Terrain-Nu-004-300x199.png 300w, https:\/\/www.montbourjoie.com\/wp-content\/uploads\/2023\/11\/Montarista-Terrain-Nu-004-768x509.png 768w\" sizes=\"auto, (max-width: 800px) 100vw, 800px\" \/><\/div>\n                    <div class=\"qodef-impp-item swiper-slide\"><img loading=\"lazy\" decoding=\"async\" width=\"800\" height=\"530\" src=\"https:\/\/www.montbourjoie.com\/wp-content\/uploads\/2023\/11\/Montarista-Terrain-Nu-005.png\" class=\"attachment-full size-full\" alt=\"\" srcset=\"https:\/\/www.montbourjoie.com\/wp-content\/uploads\/2023\/11\/Montarista-Terrain-Nu-005.png 800w, https:\/\/www.montbourjoie.com\/wp-content\/uploads\/2023\/11\/Montarista-Terrain-Nu-005-300x199.png 300w, https:\/\/www.montbourjoie.com\/wp-content\/uploads\/2023\/11\/Montarista-Terrain-Nu-005-768x509.png 768w\" sizes=\"auto, (max-width: 800px) 100vw, 800px\" \/><\/div>\n            <\/div>\n<\/div>\n<\/div>\n\n\n\n\n        <\/div>\n        <div class=\"qodef-grid-item  qodef-map-holder qodef-col--6\">\n\t        <div class=\"qodef-map-holder-inner\">\n\t            \n\t\t        \t        <\/div>\n        <\/div>\n    <\/div>\n<\/div>\n\t\t<\/div>\n\t\t\t\t<\/div>\n\t\t\t\t\t<\/div>\n\t\t\t\t<\/div>\n\t\t\t\t<section class=\"elementor-section elementor-top-section elementor-element elementor-element-1b78b96 elementor-section-full_width elementor-section-content-middle elementor-section-height-default elementor-section-height-default qodef-elementor-content-no\" data-id=\"1b78b96\" data-element_type=\"section\">\n\t\t\t\t\t\t<div class=\"elementor-container elementor-column-gap-no\">\n\t\t\t\t\t<div class=\"elementor-column elementor-col-50 elementor-top-column elementor-element elementor-element-b79e7fc\" data-id=\"b79e7fc\" data-element_type=\"column\">\n\t\t\t<div class=\"elementor-widget-wrap\">\n\t\t\t\t\t\t\t\t\t<\/div>\n\t\t<\/div>\n\t\t\t\t<div class=\"elementor-column elementor-col-50 elementor-top-column elementor-element elementor-element-c6e2b56\" data-id=\"c6e2b56\" data-element_type=\"column\">\n\t\t\t<div class=\"elementor-widget-wrap elementor-element-populated\">\n\t\t\t\t\t\t\t\t<div class=\"elementor-element elementor-element-34c9ee2 elementor-widget elementor-widget-hendon_core_section_title\" data-id=\"34c9ee2\" data-element_type=\"widget\" data-widget_type=\"hendon_core_section_title.default\">\n\t\t\t\t<div class=\"elementor-widget-container\">\n\t\t\t<div class=\"qodef-shortcode qodef-m  qodef-section-title qodef-alignment--left \">\n\t\t<h3 class=\"qodef-m-title\" >\n\t\t\t\t\tdes terrains spacieux allant de 250 m\u00b2 \u00e0 376 m\u00b2\t\t\t<\/h3>\n\t\t<p class=\"qodef-m-text\" style=\"margin-top: 28px\">LOTS DE TERRAIN NU <\/p>\n<\/div>\t\t<\/div>\n\t\t\t\t<\/div>\n\t\t\t\t<section class=\"elementor-section elementor-inner-section elementor-element elementor-element-7935991 elementor-section-full_width elementor-section-height-default elementor-section-height-default qodef-elementor-content-no\" data-id=\"7935991\" data-element_type=\"section\">\n\t\t\t\t\t\t<div class=\"elementor-container elementor-column-gap-no\">\n\t\t\t\t\t<div class=\"elementor-column elementor-col-100 elementor-inner-column elementor-element elementor-element-bc5f4de\" data-id=\"bc5f4de\" data-element_type=\"column\">\n\t\t\t<div class=\"elementor-widget-wrap elementor-element-populated\">\n\t\t\t\t\t\t\t\t<div class=\"elementor-element elementor-element-7293a36 elementor-widget elementor-widget-hendon_core_icon_list_item\" data-id=\"7293a36\" data-element_type=\"widget\" data-widget_type=\"hendon_core_icon_list_item.default\">\n\t\t\t\t<div class=\"elementor-widget-container\">\n\t\t\t<div class=\"qodef-icon-list-item qodef-icon--icon-pack\" style=\"margin-bottom: 18px\">\n\t<p class=\"qodef-e-title\" >\n\t\t\t\t\t<span class=\"qodef-e-title-inner\">\n\t\t\t\t<span class=\"qodef-shortcode qodef-m  qodef-icon-holder qodef-size--default qodef-layout--normal\"  >\t        <span class=\"qodef-icon-elegant-icons arrow_carrot-right qodef-icon qodef-e\" style=\"\" ><\/span>    <\/span>\t\t\t\t<span class=\"qodef-e-title-text\">\u00c9COLOGIQUE<\/span>\n\t\t\t<\/span>\n\t\t\t<\/p>\n<\/div>\t\t<\/div>\n\t\t\t\t<\/div>\n\t\t\t\t<div class=\"elementor-element elementor-element-5696493 elementor-widget elementor-widget-hendon_core_icon_list_item\" data-id=\"5696493\" data-element_type=\"widget\" data-widget_type=\"hendon_core_icon_list_item.default\">\n\t\t\t\t<div class=\"elementor-widget-container\">\n\t\t\t<div class=\"qodef-icon-list-item qodef-icon--icon-pack\" style=\"margin-bottom: 18px\">\n\t<p class=\"qodef-e-title\" >\n\t\t\t\t\t<span class=\"qodef-e-title-inner\">\n\t\t\t\t<span class=\"qodef-shortcode qodef-m  qodef-icon-holder qodef-size--default qodef-layout--normal\"  >\t        <span class=\"qodef-icon-elegant-icons arrow_carrot-right qodef-icon qodef-e\" style=\"\" ><\/span>    <\/span>\t\t\t\t<span class=\"qodef-e-title-text\">INTELLIGENT<\/span>\n\t\t\t<\/span>\n\t\t\t<\/p>\n<\/div>\t\t<\/div>\n\t\t\t\t<\/div>\n\t\t\t\t<div class=\"elementor-element elementor-element-73d036a elementor-widget elementor-widget-hendon_core_icon_list_item\" data-id=\"73d036a\" data-element_type=\"widget\" data-widget_type=\"hendon_core_icon_list_item.default\">\n\t\t\t\t<div class=\"elementor-widget-container\">\n\t\t\t<div class=\"qodef-icon-list-item qodef-icon--icon-pack\" style=\"margin-bottom: 18px\">\n\t<p class=\"qodef-e-title\" >\n\t\t\t\t\t<span class=\"qodef-e-title-inner\">\n\t\t\t\t<span class=\"qodef-shortcode qodef-m  qodef-icon-holder qodef-size--default qodef-layout--normal\"  >\t        <span class=\"qodef-icon-elegant-icons arrow_carrot-right qodef-icon qodef-e\" style=\"\" ><\/span>    <\/span>\t\t\t\t<span class=\"qodef-e-title-text\">ANTIMICROBIEN<\/span>\n\t\t\t<\/span>\n\t\t\t<\/p>\n<\/div>\t\t<\/div>\n\t\t\t\t<\/div>\n\t\t\t\t<div class=\"elementor-element elementor-element-d4e8ade elementor-widget elementor-widget-hendon_core_icon_list_item\" data-id=\"d4e8ade\" data-element_type=\"widget\" data-widget_type=\"hendon_core_icon_list_item.default\">\n\t\t\t\t<div class=\"elementor-widget-container\">\n\t\t\t<div class=\"qodef-icon-list-item qodef-icon--icon-pack\" style=\"margin-bottom: 18px\">\n\t<p class=\"qodef-e-title\" >\n\t\t\t\t\t<span class=\"qodef-e-title-inner\">\n\t\t\t\t<span class=\"qodef-shortcode qodef-m  qodef-icon-holder qodef-size--default qodef-layout--normal\"  >\t        <span class=\"qodef-icon-elegant-icons arrow_carrot-right qodef-icon qodef-e\" style=\"\" ><\/span>    <\/span>\t\t\t\t<span class=\"qodef-e-title-text\">ANTISISMIQUE<\/span>\n\t\t\t<\/span>\n\t\t\t<\/p>\n<\/div>\t\t<\/div>\n\t\t\t\t<\/div>\n\t\t\t\t<div class=\"elementor-element elementor-element-8303056 elementor-widget elementor-widget-hendon_core_icon_list_item\" data-id=\"8303056\" data-element_type=\"widget\" data-widget_type=\"hendon_core_icon_list_item.default\">\n\t\t\t\t<div class=\"elementor-widget-container\">\n\t\t\t<div class=\"qodef-icon-list-item qodef-icon--icon-pack\" style=\"margin-bottom: 18px\">\n\t<p class=\"qodef-e-title\" >\n\t\t\t\t\t<span class=\"qodef-e-title-inner\">\n\t\t\t\t<span class=\"qodef-shortcode qodef-m  qodef-icon-holder qodef-size--default qodef-layout--normal\"  >\t        <span class=\"qodef-icon-elegant-icons arrow_carrot-right qodef-icon qodef-e\" style=\"\" ><\/span>    <\/span>\t\t\t\t<span class=\"qodef-e-title-text\">ANTI-INONDATION<\/span>\n\t\t\t<\/span>\n\t\t\t<\/p>\n<\/div>\t\t<\/div>\n\t\t\t\t<\/div>\n\t\t\t\t\t<\/div>\n\t\t<\/div>\n\t\t\t\t\t\t\t<\/div>\n\t\t<\/section>\n\t\t\t\t\t<\/div>\n\t\t<\/div>\n\t\t\t\t\t\t\t<\/div>\n\t\t<\/section>\n\t\t\t\t<section class=\"elementor-section elementor-top-section elementor-element elementor-element-e8cc071 elementor-section-full_width qodef-elementor-content-grid elementor-section-height-default elementor-section-height-default\" data-id=\"e8cc071\" data-element_type=\"section\" data-settings=\"{&quot;background_background&quot;:&quot;classic&quot;}\">\n\t\t\t\t\t\t<div class=\"elementor-container elementor-column-gap-no\">\n\t\t\t\t\t<div class=\"elementor-column elementor-col-100 elementor-top-column elementor-element elementor-element-2828b02\" data-id=\"2828b02\" data-element_type=\"column\">\n\t\t\t<div class=\"elementor-widget-wrap elementor-element-populated\">\n\t\t\t\t\t\t\t\t<div class=\"elementor-element elementor-element-3421cf8 elementor-widget elementor-widget-hendon_core_call_to_action\" data-id=\"3421cf8\" data-element_type=\"widget\" data-widget_type=\"hendon_core_call_to_action.default\">\n\t\t\t\t<div class=\"elementor-widget-container\">\n\t\t\t<div class=\"qodef-shortcode qodef-m  qodef-call-to-action qodef-layout--standard qodef-style--stretched\">\n\t<div class=\"qodef-m-inner\">\n\t\t<div class=\"qodef-m-content-wrapper\">\n\t\t\t\t\t\t\t<h2 class=\"qodef-m-title\" style=\"color: #FFFFFF\">Demander Une Visite<\/h2>\n\t\t\t\t\t\t\t<div class=\"qodef-m-content\" ><span style=\"color: #ffffff;\">Le confort rencontre le style \u00e0 chaque coin de nos villas. Vivez une vie \u00e0 la fois luxueuse et confortable<\/span><\/div>\n\t\t<\/div>\n\t\t\t<div class=\"qodef-m-button\">\n\t\t<a class=\"qodef-shortcode qodef-m  qodef-button qodef-layout--filled  qodef-html--link\" href=\"https:\/\/www.montbourjoie.com\/index.php\/contact-us\/\" target=\"_self\" data-hover-color=\"#C28562\" data-border-color=\"rgba(194, 133, 98, 0.5)\" data-hover-background-color=\"#FFFFFF\" data-hover-border-color=\"#C28562\" style=\"color: #C28562;background-color: #FFFFFF;border-color: rgba(194, 133, 98, 0.5)\">\t<span class=\"qodef-m-text\">Contactez-nous<\/span><\/a>\t<\/div>\n\t<\/div>\n<\/div>\t\t<\/div>\n\t\t\t\t<\/div>\n\t\t\t\t\t<\/div>\n\t\t<\/div>\n\t\t\t\t\t\t\t<\/div>\n\t\t<\/section>\n\t\t\t\t\t\t\t<\/div>\n\t\t","protected":false},"excerpt":{"rendered":"<p>DES TERRAINS SPACIEUX des terrains spacieux allant de 250 m\u00b2 \u00e0 376 m\u00b2 LOTS DE TERRAIN NU \u00c9COLOGIQUE INTELLIGENT ANTIMICROBIEN ANTISISMIQUE ANTI-INONDATION Demander Une Visite Le confort rencontre le style \u00e0 chaque coin de nos villas. Vivez une vie \u00e0 la fois luxueuse et confortable Contactez-nous<\/p>\n","protected":false},"author":1,"featured_media":0,"parent":0,"menu_order":0,"comment_status":"closed","ping_status":"closed","template":"page-full-width.php","meta":{"footnotes":""},"class_list":["post-3111","page","type-page","status-publish","hentry"],"_links":{"self":[{"href":"https:\/\/www.montbourjoie.com\/index.php\/wp-json\/wp\/v2\/pages\/3111","targetHints":{"allow":["GET"]}}],"collection":[{"href":"https:\/\/www.montbourjoie.com\/index.php\/wp-json\/wp\/v2\/pages"}],"about":[{"href":"https:\/\/www.montbourjoie.com\/index.php\/wp-json\/wp\/v2\/types\/page"}],"author":[{"embeddable":true,"href":"https:\/\/www.montbourjoie.com\/index.php\/wp-json\/wp\/v2\/users\/1"}],"replies":[{"embeddable":true,"href":"https:\/\/www.montbourjoie.com\/index.php\/wp-json\/wp\/v2\/comments?post=3111"}],"version-history":[{"count":19,"href":"https:\/\/www.montbourjoie.com\/index.php\/wp-json\/wp\/v2\/pages\/3111\/revisions"}],"predecessor-version":[{"id":3646,"href":"https:\/\/www.montbourjoie.com\/index.php\/wp-json\/wp\/v2\/pages\/3111\/revisions\/3646"}],"wp:attachment":[{"href":"https:\/\/www.montbourjoie.com\/index.php\/wp-json\/wp\/v2\/media?parent=3111"}],"curies":[{"name":"wp","href":"https:\/\/api.w.org\/{rel}","templated":true}]}}